{"id":400,"date":"2014-11-26T16:23:29","date_gmt":"2014-11-26T15:23:29","guid":{"rendered":"http:\/\/www.cicade.org\/index-wp.php\/?page_id=400"},"modified":"2025-02-28T10:18:00","modified_gmt":"2025-02-28T09:18:00","slug":"liens","status":"publish","type":"page","link":"http:\/\/www.cicade.org\/?page_id=400","title":{"rendered":"Liens"},"content":{"rendered":"<p><strong>Les Amoureux au ban public<\/strong><\/p>\n<p>28, rue du Faubourg Boutonnet<\/p>\n<p>34090 Montpellier<\/p>\n<p>T\u00e9l. : 06 49 83 02 92<\/p>\n<p>E-mail : <a href=\"mailto:abpmontpellier@gmail.com\" target=\"_blank\" rel=\"noopener\">abpmontpellier@gmail.com<\/a><\/p>\n<p>&nbsp;<\/p>\n<p><strong>ANAF\u00c9 (Association nationale d&rsquo;assistance aux fronti\u00e8res pour les \u00e9trangers)<\/strong><\/p>\n<p>T\u00e9l.\/Fax. : 01 43 67 27 52<\/p>\n<p>Permanence t\u00e9l\u00e9phonique : 01 42 08 69 93<\/p>\n<p>Site Web : <a href=\"http:\/\/www.anafe.org\" target=\"_blank\" rel=\"noopener\">www.anafe.org<\/a><\/p>\n<p>E-mail : <a href=\"mailto:anafe@globenet.org\" target=\"_blank\" rel=\"noopener\">anafe@globenet.org<\/a><\/p>\n<p>&nbsp;<\/p>\n<p><strong>BRRJI \u2013 Bureau R\u00e9gional des Ressources Juridiques Internationales<\/strong><\/p>\n<p>5, rue Moustier<\/p>\n<p>13001 Marseille<\/p>\n<p>T\u00e9l. : 04 96 11 07 99<\/p>\n<p>Fax : 04 91 55 57 25<\/p>\n<p>E-mail : <a href=\"mailto:cidf.brrji@wanadoo.fr\" target=\"_blank\" rel=\"noopener\">cidf.brrji@wanadoo.fr<\/a><\/p>\n<p>&nbsp;<\/p>\n<p><strong>La Case de Sant\u00e9 &#8211; Centre de Sant\u00e9 Communautaire<\/strong><\/p>\n<p><span class=\"LrzXr\">17, Place Arnaud Bernard\u00a0<\/span><\/p>\n<p><span class=\"LrzXr\"> 31000 Toulouse<\/span><\/p>\n<p>Centre de Sant\u00e9<br \/>\nT\u00e9l. : 05 61 23 01 37<br \/>\nFax : 05 62 27 25 34<\/p>\n<p>P\u00f4le Sant\u00e9 Droits<br \/>\nT\u00e9l. : 05 61 23 62 35<br \/>\nFax : 05 62 27 25 34<\/p>\n<p>Site Web : <a href=\"http:\/\/www.casedesante.org\/\" target=\"_blank\" rel=\"noopener\">www.casedesante.org<\/a><\/p>\n<p>&nbsp;<\/p>\n<p><strong>CIMADE (Service \u0153cum\u00e9nique d&rsquo;entraide) &#8211; Si\u00e8ge national<\/strong><\/p>\n<p>64, rue Clisson<\/p>\n<p>75013 Paris<\/p>\n<p>T\u00e9l. : 01 44 18 60 50<\/p>\n<p>Fax : 01 45 56 08 59<\/p>\n<p>Site web : <a href=\"http:\/\/www.lacimade.org\/?gclid=CI-r6rK47MYCFTDLtAodxOIMSQ\" target=\"_blank\" rel=\"noopener\">www.lacimade.org<\/a><\/p>\n<p>&nbsp;<\/p>\n<p><strong>CIMADE &#8211; Montpellier<\/strong><\/p>\n<p>28, rue du Faubourg Boutonnet<\/p>\n<p>34090 Montpellier<\/p>\n<p>T\u00e9l. :\u00a0 04 67 06 90 36<\/p>\n<p>Fax : 04 67 06 91 97<\/p>\n<p>E-mail : <a href=\"mailto:languedoc-roussillon@lacimade.org\" target=\"_blank\" rel=\"noopener\">languedoc-roussillon@lacimade.org<\/a><\/p>\n<p>&nbsp;<\/p>\n<p><strong>COMEDE (Comit\u00e9 m\u00e9dical pour les exil\u00e9s)<\/strong><\/p>\n<p>H\u00f4pital de Bic\u00eatre<\/p>\n<p>78, rue du G\u00e9n\u00e9ral Leclerc BP31<\/p>\n<p>94272 Le Kremlin Bic\u00eatre Cedex<\/p>\n<p>T\u00e9l. : 01 45 21 38 40<\/p>\n<p>Fax : 01 45 21 38 41<\/p>\n<p>Site web : <a href=\"http:\/\/www.comede.org\" target=\"_blank\" rel=\"noopener\">www.comede.org<\/a><\/p>\n<p>&nbsp;<\/p>\n<p><strong>Espace &#8211; Centre de ressources pour les acteurs de l\u2019int\u00e9gration<br \/>\n<\/strong><\/p>\n<p>22, rue Mathieu Stilatti<\/p>\n<p>13003 Marseille<\/p>\n<p>T\u00e9l. : 04.95.04.30.98\/99<\/p>\n<p>Fax. : 04.91.64.43.16<\/p>\n<p>Site web: <a href=\"http:\/\/www.espace.asso.fr\" target=\"_blank\" rel=\"noopener\">www.espace.asso.fr<\/a><\/p>\n<p>E-mail : <a href=\"mailto:espace@espace.asso.fr\" target=\"_blank\" rel=\"noopener\">espace@espace.asso.fr<\/a><\/p>\n<p>&nbsp;<\/p>\n<p><strong>FIJI &#8211; Femmes Informations Juridiques Internationales Auvergne-Rh\u00f4ne-Alpes<br \/>\n<\/strong><\/p>\n<p>64, rue Paul Verlaine<\/p>\n<p>69100 Villeurbanne<\/p>\n<p>T\u00e9l. : 04 78 03 33 63<\/p>\n<p>Site web : <a href=\"http:\/\/www.fiji-ra.fr\" target=\"_blank\" rel=\"noopener\">www.fiji-ra.fr<\/a><\/p>\n<p>E-mail : <a href=\"mailto:info@fiji-ra.com\">info@fiji-ra.com<\/a><\/p>\n<p>&nbsp;<\/p>\n<p><strong>GISTI (Groupe d&rsquo;Information et de Soutien des Immigr\u00e9s)<\/strong><\/p>\n<p>3, Villa Marc\u00e8s<\/p>\n<p>75011 Paris<\/p>\n<p>T\u00e9l. : 01 43 14 84 84<\/p>\n<p>Fax : 01 43 14 60 69<\/p>\n<p>Site web : <a href=\"http:\/\/www.gisti.org\" target=\"_blank\" rel=\"noopener\">www.gisti.org<\/a><\/p>\n<p>E-mail : <a href=\"mailto:gisti@gisti.org\" target=\"_blank\" rel=\"noopener\">gisti@gisti.org<\/a><\/p>\n<p>&nbsp;<\/p>\n<p><strong>Le planning familial<\/strong><\/p>\n<p>4, square St-Ir\u00e9n\u00e9e<\/p>\n<p>75011 Paris<\/p>\n<p>T\u00e9l. : 01 48 07 29 10<\/p>\n<p>Site web: <a href=\"http:\/\/www.planning-familial.org\" target=\"_blank\" rel=\"noopener\">www.planning-familial.org<\/a><\/p>\n<p>&nbsp;<\/p>\n<p><strong>RESF\u00a0 (R\u00e9seau \u00c9ducation Sans Fronti\u00e8res)<\/strong><\/p>\n<p>RESF c\/o EDMP<\/p>\n<p>8, impasse Crozatier<\/p>\n<p>75012 Paris<\/p>\n<p>Site web : <a href=\"http:\/\/www.educationsansfrontieres.org\" target=\"_blank\" rel=\"noopener\">www.educationsansfrontieres.org<\/a><\/p>\n<p>E-mail : <a href=\"mailto:educsansfrontieres@free.fr\" target=\"_blank\" rel=\"noopener\">educsansfrontieres@free.fr<\/a><\/p>\n<p>RESF 34 (H\u00e9rault) :<\/p>\n<p>28, rue du Faubourg Boutonnet<\/p>\n<p>34090 Montpellier<\/p>\n<p>E-mail :\u00a0 <a href=\"http:\/\/resf34@resf34.org\" target=\"_blank\" rel=\"noopener\">resf34@resf34.org<\/a><\/p>\n<p>T\u00e9l. : 06 84 59 63 05<\/p>\n<p>&nbsp;<\/p>\n<p><strong>Voix de Femmes<\/strong><\/p>\n<p>Maison de quartier des Linandes<\/p>\n<p>Place des Linandes Beiges<\/p>\n<p>95000 Cergy<\/p>\n<p>T\u00e9l. : 01 30 31 55 76<\/p>\n<p>SOS mariage forc\u00e9 : 01 30 31 05 05<\/p>\n<p>Site web : <a href=\"http:\/\/www.stop-mariageforce.fr\/\" target=\"_blank\" rel=\"noopener\">www.stop-mariageforce.fr<\/a><\/p>\n<p>E-mail : <a href=\"mailto:contact@association-voixdefemmes.fr\" target=\"_blank\" rel=\"noopener\">contact@association-voixdefemmes.fr<\/a><\/p>\n<p>&nbsp;<\/p>\n<p>&nbsp;<\/p>\n","protected":false},"excerpt":{"rendered":"<p>Les Amoureux au ban public<\/p>\n<p>28, rue du Faubourg Boutonnet<\/p>\n<p>34090 Montpellier<\/p>\n<p>T\u00e9l. : 06 49 83 02 92<\/p>\n<p>E-mail : abpmontpellier@gmail.com<\/p>\n<p>&nbsp;<\/p>\n<p>ANAF\u00c9 (Association nationale d&rsquo;assistance aux fronti\u00e8res pour les \u00e9trangers)<\/p>\n<p>T\u00e9l.\/Fax. : 01 43 67 27 52<\/p>\n<p>Permanence t\u00e9l\u00e9phonique : 01 42 08 69 93<\/p>\n<p>Site Web : www.anafe.org<\/p>\n<p>E-mail : anafe@globenet.org<\/p>\n<p>&nbsp;<\/p>\n<p>BRRJI \u2013 Bureau R\u00e9gional des Ressources Juridiques Internationales<\/p>\n<p>5, rue Moustier<\/p>\n<p>13001 Marseille<\/p>\n<p>T\u00e9l. : 04 96 11 07 99<\/p>\n<p>[&#8230;<a href=\"http:\/\/www.cicade.org\/?page_id=400\">lire la suite<\/a>]<\/p>\n","protected":false},"author":2,"featured_media":0,"parent":0,"menu_order":0,"comment_status":"closed","ping_status":"open","template":"","meta":{"footnotes":""},"class_list":["post-400","page","type-page","status-publish","hentry","odd"],"publishpress_future_action":{"enabled":false,"date":"2026-04-29 07:25:27","action":"change-status","newStatus":"draft","terms":[],"taxonomy":"","extraData":[]},"publishpress_future_workflow_manual_trigger":{"enabledWorkflows":[]},"_links":{"self":[{"href":"http:\/\/www.cicade.org\/index.php?rest_route=\/wp\/v2\/pages\/400","targetHints":{"allow":["GET"]}}],"collection":[{"href":"http:\/\/www.cicade.org\/index.php?rest_route=\/wp\/v2\/pages"}],"about":[{"href":"http:\/\/www.cicade.org\/index.php?rest_route=\/wp\/v2\/types\/page"}],"author":[{"embeddable":true,"href":"http:\/\/www.cicade.org\/index.php?rest_route=\/wp\/v2\/users\/2"}],"replies":[{"embeddable":true,"href":"http:\/\/www.cicade.org\/index.php?rest_route=%2Fwp%2Fv2%2Fcomments&post=400"}],"version-history":[{"count":3,"href":"http:\/\/www.cicade.org\/index.php?rest_route=\/wp\/v2\/pages\/400\/revisions"}],"predecessor-version":[{"id":3616,"href":"http:\/\/www.cicade.org\/index.php?rest_route=\/wp\/v2\/pages\/400\/revisions\/3616"}],"wp:attachment":[{"href":"http:\/\/www.cicade.org\/index.php?rest_route=%2Fwp%2Fv2%2Fmedia&parent=400"}],"curies":[{"name":"wp","href":"https:\/\/api.w.org\/{rel}","templated":true}]}}