{"id":15,"date":"2013-09-10T12:15:14","date_gmt":"2013-09-10T11:15:14","guid":{"rendered":"http:\/\/www.cicade.org\/?page_id=15"},"modified":"2026-04-08T15:59:42","modified_gmt":"2026-04-08T14:59:42","slug":"un-centre-de-formation-juridique","status":"publish","type":"page","link":"https:\/\/www.cicade.org\/?page_id=15","title":{"rendered":"Un centre de formation juridique"},"content":{"rendered":"<p style=\"text-align: justify;\"><strong>Le CICADE propose diff\u00e9rents modules de formation :<\/strong><\/p>\n<ul style=\"text-align: justify;\">\n<li>\u00a0<a title=\"Consultez la liste des ateliers\" href=\"http:\/\/www.cicade.org\/?cat=3\">Des ateliers d&rsquo;acc\u00e8s au(x) droit(s)<\/a> : Ouverts \u00e0 un large public, les ateliers d&rsquo;acc\u00e8s au(x) droit(s) ont pour objectif d&rsquo;assurer une pr\u00e9sentation g\u00e9n\u00e9rale du cadre juridique concernant principalement des th\u00e8mes divers du droit des \u00e9trangers (droit du s\u00e9jour des \u00e9trangers, droit de la nationalit\u00e9, droit de la famille, etc.). Le CICADE propose \u00e9galement des ateliers d\u2019approfondissement en droit des \u00e9trangers. Il s\u2019agit d\u2019ateliers consacr\u00e9s pour l\u2019essentiel \u00e0 des \u00e9tudes de cas concernant des th\u00e8mes trait\u00e9s auparavant en atelier de \u00ab\u00a0base\u00a0\u00bb. Ils sont destin\u00e9s aux praticiens de l\u2019accueil des \u00e9trangers qui ont suivi la pr\u00e9c\u00e9dente formation. Les participants sont invit\u00e9s \u00e0 pr\u00e9senter un ou plusieurs de leurs dossiers parmi les plus complexes et \u00e0 se munir des textes appropri\u00e9s dont ils disposent. Les dossiers retenus sont trait\u00e9s collectivement de fa\u00e7on \u00e0 permettre la confrontation des approches et des m\u00e9thodes.<br \/>\nCes ateliers sont notamment r\u00e9alis\u00e9s gratuitement en Occitanie <a title=\"Citoyennet\u00e9 &amp; acc\u00e8s au(x) droit(s)\" href=\"http:\/\/www.cicade.org\/?page_id=23\">dans le cadre du programme \u00ab\u00a0Education \u00e0 la citoyennet\u00e9 par l&rsquo;acc\u00e8s au(x) droit(s)\u00a0\u00bb<\/a>. Le CICADE intervient \u00e9galement en r\u00e9gion Provence-Alpes-C\u00f4te d\u2019azur o\u00f9 il a anim\u00e9 de nombreux ateliers organis\u00e9s en partenariat avec l\u2019association Espace \u2013 Centre de ressources pour les acteurs de l\u2019int\u00e9gration .<\/li>\n<\/ul>\n<p>&nbsp;<\/p>\n<ul style=\"text-align: justify;\">\n<li>Des animations juridiques de quartier : Organis\u00e9es \u00e0 la demande des associations de quartier de Montpellier, ces animations gratuites s&rsquo;adressent le plus souvent \u00e0 un public de femmes \u00e9trang\u00e8res primo-arrivantes directement concern\u00e9es par des questions relatives \u00e0 leur situation juridique et familiale. Elles ont lieu tout au long de l&rsquo;ann\u00e9e, dans les locaux des associations de quartier qui formulent une demande sur un th\u00e8me de leur choix en mati\u00e8re de droit international de la famille. Par une approche juridique simplifi\u00e9e, les femmes prennent connaissance de leurs droits et partagent leurs exp\u00e9riences et difficult\u00e9s personnelles.<\/li>\n<\/ul>\n<p>&nbsp;<\/p>\n<ul style=\"text-align: justify;\">\n<li><a href=\"http:\/\/www.cicade.org\/wp-content\/uploads\/2026\/04\/Formations-sur-site-2026-CICADE.pdf\" target=\"_blank\" rel=\"noopener\">Des formations sur site<\/a> (formations \u00e0 la demande)\u00a0: Ces modules<b> <\/b>s\u2019adressent aux professionnels d&rsquo;un m\u00eame organisme (travailleurs sociaux, juristes et\/ou b\u00e9n\u00e9voles d\u2019associations, professionnels du droit) amen\u00e9s \u00e0 recevoir, informer, orienter, voire \u00e0 assurer la d\u00e9fense juridique des personnes \u00e9trang\u00e8res ou issues de l\u2019immigration. Les participants peuvent gr\u00e2ce \u00e0 ces s\u00e9ances acqu\u00e9rir une connaissance approfondie des textes juridiques, des pratiques et, le cas \u00e9ch\u00e9ant, des voies de recours sur un th\u00e8me choisi du droit des \u00e9trangers ou du droit international de la famille.<\/li>\n<\/ul>\n<p style=\"text-align: left; padding-left: 30px;\"><strong>Ces interventions \u00e0 la carte sont r\u00e9alis\u00e9es au sein des organismes qui souhaitent d\u00e9velopper leurs comp\u00e9tences en interne. Elles s\u2019adressent \u00e0 des groupes de cinq \u00e0 quinze personnes et se d\u00e9roulent sur une \u00e0 trois journ\u00e9es.<\/strong><\/p>\n<p>&nbsp;<\/p>\n<ul>\n<li><a href=\"https:\/\/www.cicade.org\/?p=3763\" target=\"_blank\" rel=\"noopener\">Des sessions de formation annuelles<\/a> (sessions d&rsquo;une \u00e0 quatre journ\u00e9es) : Ces sessions sont destin\u00e9es en particulier \u00e0 ceux qui souhaitent participer \u00e0 une formation d\u00e9taill\u00e9e en droit des \u00e9trangers ou en droit international de la famille. Il s\u2019agit de stages approfondis durant lesquels les participants re\u00e7oivent l\u2019ensemble de la documentation de r\u00e9f\u00e9rence relative au sujet trait\u00e9 (textes de loi, d\u00e9crets, circulaires, trait\u00e9s internationaux, jurisprudence, etc.). Ces journ\u00e9es ont \u00e9galement pour objectif d\u2019apprendre aux stagiaires \u00e0 manier par eux-m\u00eames ces documents juridiques, notamment par l\u2019utilisation de cas pratiques propos\u00e9s lors de la derni\u00e8re demi-journ\u00e9e. Un programme de sessions de formation est ainsi propos\u00e9 chaque ann\u00e9e selon un calendrier \u00e9tabli.<\/li>\n<\/ul>\n<p style=\"padding-left: 30px;\"><strong>Ces sessions en inscription individuelle s&rsquo;adressent principalement aux travailleurs sociaux, agents de L\u2019\u00c9tat ou des collectivit\u00e9s locales, b\u00e9n\u00e9voles et permanents d\u2019associations, adultes relais, juristes ou toute personne accueillant du public &#8230;<\/strong><\/p>\n<p>&nbsp;<\/p>\n<h6><strong>Pour toute information concernant ces interventions contactez le CICADE au 04 67 58 71 52 ou \u00e0 l&rsquo;adresse <a href=\"mailto:centre@cicade.org\">centre@cicade.org<\/a><\/strong><\/h6>\n<p><img loading=\"lazy\" decoding=\"async\" class=\"wp-image-2059 alignleft\" src=\"http:\/\/www.cicade.org\/wp-content\/uploads\/2013\/09\/Picto_datadocke.jpg\" alt=\"Picto_datadocke\" width=\"95\" height=\"102\" srcset=\"https:\/\/www.cicade.org\/wp-content\/uploads\/2013\/09\/Picto_datadocke.jpg 716w, https:\/\/www.cicade.org\/wp-content\/uploads\/2013\/09\/Picto_datadocke-278x300.jpg 278w, https:\/\/www.cicade.org\/wp-content\/uploads\/2013\/09\/Picto_datadocke-139x150.jpg 139w, https:\/\/www.cicade.org\/wp-content\/uploads\/2013\/09\/Picto_datadocke-400x431.jpg 400w\" sizes=\"auto, (max-width: 95px) 100vw, 95px\" \/><\/p>\n<p>&nbsp;<\/p>\n<p>Le CICADE est un organisme de formation d\u00e9clar\u00e9 sous le n\u00b0 91340404034.<\/p>\n<p>Il est r\u00e9f\u00e9ren\u00e7able sur le Datadock depuis le 08\/09\/17<\/p>\n<p>&nbsp;<\/p>\n<p>&nbsp;<\/p>\n<p>&nbsp;<\/p>\n<p><img loading=\"lazy\" decoding=\"async\" class=\" wp-image-2650 alignleft\" src=\"http:\/\/www.cicade.org\/wp-content\/uploads\/2013\/10\/logo-QUALIOPI.jpg\" alt=\"logo QUALIOPI\" width=\"178\" height=\"96\" srcset=\"https:\/\/www.cicade.org\/wp-content\/uploads\/2013\/10\/logo-QUALIOPI.jpg 276w, https:\/\/www.cicade.org\/wp-content\/uploads\/2013\/10\/logo-QUALIOPI-150x80.jpg 150w\" sizes=\"auto, (max-width: 178px) 100vw, 178px\" \/><\/p>\n<p>&nbsp;<\/p>\n<p>Il est \u00e9galement certifi\u00e9 Qualiopi depuis novembre 2021.<\/p>\n<p>La certification qualit\u00e9 a \u00e9t\u00e9 d\u00e9livr\u00e9e au titre des cat\u00e9gories d\u2019actions suivantes : ACTIONS DE FORMATION<\/p>\n<p><strong>Acc\u00e9der au\u00a0<a href=\"http:\/\/www.cicade.org\/wp-content\/uploads\/2025\/03\/certificat-B02279-2024-11-01T23_00_00Z.pdf\" target=\"_blank\" rel=\"noopener\"><span style=\"color: #800080;\">Certificat QUALIOPI du CICADE<\/span><\/a><\/strong><\/p>\n<h4><\/h4>\n","protected":false},"excerpt":{"rendered":"<p style=\"text-align: justify;\">Le CICADE propose diff\u00e9rents modules de formation :<\/p>\n<p> Des ateliers d&rsquo;acc\u00e8s au(x) droit(s) : Ouverts \u00e0 un large public, les ateliers d&rsquo;acc\u00e8s au(x) droit(s) ont pour objectif d&rsquo;assurer une pr\u00e9sentation g\u00e9n\u00e9rale du cadre juridique concernant principalement des th\u00e8mes divers du droit des \u00e9trangers (droit du s\u00e9jour des \u00e9trangers, droit de la nationalit\u00e9, droit de la famille, etc.). Le CICADE propose \u00e9galement des ateliers d\u2019approfondissement en droit des \u00e9trangers. Il s\u2019agit d\u2019ateliers consacr\u00e9s pour <\/p>\n<p>[&#8230;<a href=\"https:\/\/www.cicade.org\/?page_id=15\">lire la suite<\/a>]<\/p>\n","protected":false},"author":1,"featured_media":0,"parent":2,"menu_order":2,"comment_status":"closed","ping_status":"closed","template":"","meta":{"footnotes":""},"class_list":["post-15","page","type-page","status-publish","hentry","odd"],"publishpress_future_action":{"enabled":false,"date":"2026-04-25 03:10:08","action":"change-status","newStatus":"draft","terms":[],"taxonomy":"","extraData":[]},"publishpress_future_workflow_manual_trigger":{"enabledWorkflows":[]},"_links":{"self":[{"href":"https:\/\/www.cicade.org\/index.php?rest_route=\/wp\/v2\/pages\/15","targetHints":{"allow":["GET"]}}],"collection":[{"href":"https:\/\/www.cicade.org\/index.php?rest_route=\/wp\/v2\/pages"}],"about":[{"href":"https:\/\/www.cicade.org\/index.php?rest_route=\/wp\/v2\/types\/page"}],"author":[{"embeddable":true,"href":"https:\/\/www.cicade.org\/index.php?rest_route=\/wp\/v2\/users\/1"}],"replies":[{"embeddable":true,"href":"https:\/\/www.cicade.org\/index.php?rest_route=%2Fwp%2Fv2%2Fcomments&post=15"}],"version-history":[{"count":3,"href":"https:\/\/www.cicade.org\/index.php?rest_route=\/wp\/v2\/pages\/15\/revisions"}],"predecessor-version":[{"id":3796,"href":"https:\/\/www.cicade.org\/index.php?rest_route=\/wp\/v2\/pages\/15\/revisions\/3796"}],"up":[{"embeddable":true,"href":"https:\/\/www.cicade.org\/index.php?rest_route=\/wp\/v2\/pages\/2"}],"wp:attachment":[{"href":"https:\/\/www.cicade.org\/index.php?rest_route=%2Fwp%2Fv2%2Fmedia&parent=15"}],"curies":[{"name":"wp","href":"https:\/\/api.w.org\/{rel}","templated":true}]}}