{"id":17,"date":"2013-09-10T12:15:58","date_gmt":"2013-09-10T11:15:58","guid":{"rendered":"http:\/\/www.cicade.org\/?page_id=17"},"modified":"2018-07-20T13:17:49","modified_gmt":"2018-07-20T12:17:49","slug":"un-centre-de-recherche-et-de-reflexion-juridiques","status":"publish","type":"page","link":"https:\/\/www.cicade.org\/?page_id=17","title":{"rendered":"Un centre d&rsquo;information juridique"},"content":{"rendered":"<p style=\"text-align: justify;\"><strong>Le CICADE propose :<\/strong><\/p>\n<ul style=\"text-align: justify;\">\n<li>De la <a href=\"http:\/\/www.cicade.org\/?cat=4\">documentation juridique <\/a>: Des recueils de textes pr\u00e9sentant certains textes de r\u00e9f\u00e9rences en droit des \u00e9trangers et en droit de la famille international, des publications (cf. le guide consacr\u00e9 au <em>Droit de la famille des femmes fran\u00e7aise et maghr\u00e9bines<\/em>).<\/li>\n<\/ul>\n<ul style=\"text-align: justify;\">\n<li><a title=\"M\u00e9thode de recueil de donn\u00e9es en droit des \u00e9trangers\" href=\"http:\/\/www.cicade.org\/?p=132\">Une m\u00e9thode de recueil de donn\u00e9es en droit des \u00e9trangers<\/a> (\u00e9labor\u00e9e en partenariat avec l\u2019association marseillaise Espace \u2013 Accueil aux \u00e9trangers). Cette m\u00e9thode pr\u00e9sent\u00e9e sous la forme d\u2019un cahier PDF de 7 pages est librement t\u00e9l\u00e9chargeable sur le site du CICADE.<\/li>\n<\/ul>\n<p style=\"text-align: justify;\"><strong>Le CICADE assure :<\/strong><\/p>\n<ul style=\"text-align: justify;\">\n<li>Des <a title=\"Coordonn\u00e9es\" href=\"http:\/\/www.cicade.org\/?page_id=25\">consultations juridiques t\u00e9l\u00e9phoniques<\/a> \u00e0 la demande de travailleurs sociaux, d&rsquo;avocats, de membres d\u2019associations, de collectifs, sur des points pr\u00e9cis du droit concernant le droit des \u00e9trangers et le droit de la famille international.<\/li>\n<\/ul>\n<ul style=\"text-align: justify;\">\n<li>Une permanence juridique en droit de la famille international. Cette permanence est propos\u00e9e dans le cadre du <a title=\"Un Lieu ressource en droit de la famille des femmes \u00e9trang\u00e8res ou \u00ab\u00a0issues de l\u2019immigration\u00a0\u00bb\" href=\"http:\/\/www.cicade.org\/?page_id=21\">Lieu ressource en droit de la famille international<\/a> ouvert au sein du CICADE depuis 2002 et s\u2019adresse aux femmes qui\u00a0:<\/li>\n<\/ul>\n<p style=\"padding-left: 60px; text-align: justify;\">&#8211; ont besoin d\u2019information ou d\u2019un accompagnement juridique en droit de la famille international (mariage, divorce, filiation, kafala, transcription, exequatur\u2026).<\/p>\n<p style=\"padding-left: 60px; text-align: justify;\">&#8211; rencontrent des difficult\u00e9s dans leur vie de famille (rupture conjugale, conflits parentaux, risques d\u2019enl\u00e8vement d\u2019enfant ou de retour forc\u00e9\u2026).<\/p>\n<p style=\"padding-left: 60px; text-align: justify;\">&#8211; sont confront\u00e9es \u00e0 des violences (violence de couple, mariage forc\u00e9, polygamie, r\u00e9pudiation, esclavage moderne, excision\u2026).<\/p>\n<p style=\"padding-left: 30px; text-align: justify;\">Le Lieu ressource leur permet de b\u00e9n\u00e9ficier gratuitement\u00a0:<\/p>\n<p style=\"padding-left: 60px; text-align: justify;\">&#8211; d\u2019un accueil sur rendez-vous en toute confidentialit\u00e9 avec une juriste sp\u00e9cialis\u00e9e.<\/p>\n<p style=\"padding-left: 60px; text-align: justify;\">&#8211; d&rsquo;un suivi juridique.<\/p>\n<p style=\"padding-left: 60px; text-align: justify;\">&#8211; d\u2019une permanence t\u00e9l\u00e9phonique.<\/p>\n<ul style=\"text-align: justify;\">\n<li>Un accompagnement juridique de collectifs et d&rsquo;associations mobilis\u00e9s sur la question du droit des \u00e9trangers. Cet accompagnement a pour objectif de garantir \u00e0 ces associations ou collectifs une plus grande ma\u00eetrise de leurs actions vis \u00e0 vis de leurs diff\u00e9rents interlocuteurs. Il se concr\u00e9tise par des rencontres r\u00e9guli\u00e8res durant lesquelles sont \u00e9tudi\u00e9s l\u2019environnement juridique propre \u00e0 l\u2019objet de la mobilisation, les textes r\u00e9gissant ce domaine et les institutions et acteurs y intervenant.<\/li>\n<\/ul>\n<p style=\"text-align: justify;\"><strong>Enfin, le CICADE s&rsquo;est \u00e9galement investi dans la cr\u00e9ation d&rsquo;outils num\u00e9riques :<\/strong><\/p>\n<ul>\n<li style=\"text-align: justify;\">Un site de jurisprudence relatif aux droits des \u00e9trangers : <a href=\"http:\/\/www.dequeldroit.fr\/\" target=\"_blank\">www.dequeldroit.fr<\/a> . Ce site assure la pr\u00e9sentation et la publication des d\u00e9cisions de justice les plus significatives en droit des \u00e9trangers. Cette base vise ainsi \u00e0 faciliter le travail de conseil et de d\u00e9fense que les associations et professionnels conduisent aupr\u00e8s des \u00e9trangers et, au-del\u00e0, \u00e0 contribuer au renforcement de l\u2019\u00c9tat de droit. Con\u00e7u \u00e0 l\u2019origine par le CICADE et par le GISTI, De quel droit ! est aujourd\u2019hui le r\u00e9sultat d\u2019une collaboration inter-associative \u00e0 laquelle a particip\u00e9 le CICADE. La nouvelle version du site a \u00e9t\u00e9 \u00e9labor\u00e9e par l\u2019association Espace \u2013 Centre de ressources pour les acteurs de l\u2019int\u00e9gration qui assure \u00e9galement la gestion du site.<\/li>\n<\/ul>\n<ul>\n<li style=\"text-align: justify;\">Le site d&rsquo;information et de pr\u00e9vention des mariages forc\u00e9s : <a href=\"http:\/\/www.mariageforce.fr\" target=\"_blank\">www.mariageforce.fr<\/a> . Ce site a \u00e9t\u00e9 r\u00e9alis\u00e9 dans le cadre des activit\u00e9s du R\u00e9seau Jeunes filles confront\u00e9es aux violences et aux ruptures familiales, pilot\u00e9 par le Mouvement Fran\u00e7ais pour le Planning Familial de l&rsquo;H\u00e9rault. Le CICADE a contribu\u00e9 \u00e0 la conception et \u00e0 la r\u00e9daction de ce site notamment pour les parties juridiques.<\/li>\n<\/ul>\n<p>&nbsp;<\/p>\n","protected":false},"excerpt":{"rendered":"<p style=\"text-align: justify;\">Le CICADE propose :<\/p>\n<p> De la documentation juridique : Des recueils de textes pr\u00e9sentant certains textes de r\u00e9f\u00e9rences en droit des \u00e9trangers et en droit de la famille international, des publications (cf. le guide consacr\u00e9 au Droit de la famille des femmes fran\u00e7aise et maghr\u00e9bines). Une m\u00e9thode de recueil de donn\u00e9es en droit des \u00e9trangers (\u00e9labor\u00e9e en partenariat avec l\u2019association marseillaise Espace \u2013 Accueil aux \u00e9trangers). Cette m\u00e9thode pr\u00e9sent\u00e9e sous la forme d\u2019un <\/p>\n<p>[&#8230;<a href=\"https:\/\/www.cicade.org\/?page_id=17\">lire la suite<\/a>]<\/p>\n","protected":false},"author":1,"featured_media":0,"parent":2,"menu_order":3,"comment_status":"closed","ping_status":"closed","template":"","meta":{"footnotes":""},"class_list":["post-17","page","type-page","status-publish","hentry","odd"],"publishpress_future_action":{"enabled":false,"date":"2026-05-24 16:21:28","action":"change-status","newStatus":"draft","terms":[],"taxonomy":"","extraData":[]},"publishpress_future_workflow_manual_trigger":{"enabledWorkflows":[]},"_links":{"self":[{"href":"https:\/\/www.cicade.org\/index.php?rest_route=\/wp\/v2\/pages\/17","targetHints":{"allow":["GET"]}}],"collection":[{"href":"https:\/\/www.cicade.org\/index.php?rest_route=\/wp\/v2\/pages"}],"about":[{"href":"https:\/\/www.cicade.org\/index.php?rest_route=\/wp\/v2\/types\/page"}],"author":[{"embeddable":true,"href":"https:\/\/www.cicade.org\/index.php?rest_route=\/wp\/v2\/users\/1"}],"replies":[{"embeddable":true,"href":"https:\/\/www.cicade.org\/index.php?rest_route=%2Fwp%2Fv2%2Fcomments&post=17"}],"version-history":[{"count":3,"href":"https:\/\/www.cicade.org\/index.php?rest_route=\/wp\/v2\/pages\/17\/revisions"}],"predecessor-version":[{"id":254,"href":"https:\/\/www.cicade.org\/index.php?rest_route=\/wp\/v2\/pages\/17\/revisions\/254"}],"up":[{"embeddable":true,"href":"https:\/\/www.cicade.org\/index.php?rest_route=\/wp\/v2\/pages\/2"}],"wp:attachment":[{"href":"https:\/\/www.cicade.org\/index.php?rest_route=%2Fwp%2Fv2%2Fmedia&parent=17"}],"curies":[{"name":"wp","href":"https:\/\/api.w.org\/{rel}","templated":true}]}}