{"id":21,"date":"2013-09-10T12:18:34","date_gmt":"2013-09-10T11:18:34","guid":{"rendered":"http:\/\/www.cicade.org\/?page_id=21"},"modified":"2025-03-31T07:55:06","modified_gmt":"2025-03-31T06:55:06","slug":"un-lieu-ressource","status":"publish","type":"page","link":"https:\/\/www.cicade.org\/?page_id=21","title":{"rendered":"Un Lieu ressource en droit de la famille international"},"content":{"rendered":"<p style=\"text-align: left;\"><strong><strong class=\"alignleft\">Ce Lieu ressource sp\u00e9cialis\u00e9 en droit de la famille des femmes \u00e9trang\u00e8res ou \u00ab\u00a0issues de l&rsquo;immigration\u00a0\u00bb est ouvert au sein du CICADE depuis novembre 2002.<\/strong><\/strong><\/p>\n<p style=\"text-align: justify;\"><strong class=\"alignleft\"><img loading=\"lazy\" decoding=\"async\" class=\" wp-image-162 alignleft\" src=\"http:\/\/www.cicade.org\/wp-content\/uploads\/2013\/09\/chardon-violet.jpg\" alt=\"chardon violet\" width=\"96\" height=\"75\" srcset=\"https:\/\/www.cicade.org\/wp-content\/uploads\/2013\/09\/chardon-violet.jpg 263w, https:\/\/www.cicade.org\/wp-content\/uploads\/2013\/09\/chardon-violet-150x117.jpg 150w\" sizes=\"auto, (max-width: 96px) 100vw, 96px\" \/><\/strong><\/p>\n<p style=\"text-align: left;\"><strong>L\u2019action men\u00e9e dans cet espace a pour<strong> objet de munir les travailleurs sociaux, les professionnels du droit et les membres d\u2019associations, d&rsquo;outils juridiques concernant le droit de la famille, notamment dans les situations o\u00f9 le droit fran\u00e7ais et le(s) droit(s) \u00e9tranger(s) peuvent rentrer en conflit ou en interaction.<\/strong><br \/>\n<\/strong><\/p>\n<p style=\"text-align: left;\"><strong>Ce lieu accueille \u00e9galement les femmes \u00e9trang\u00e8res ou binationales qui ont besoin d\u2019information ou de soutien juridique en mati\u00e8re de statut personnel, de droit de la famille fran\u00e7ais ou \u00e9tranger.<\/strong><\/p>\n<p style=\"text-align: justify;\"><strong><span style=\"color: #000000;\">Le Lieu ressource est \u00e0 la fois : <\/span><\/strong><\/p>\n<p style=\"text-align: justify;\"><strong><span style=\"color: #4b0082;\">\u2666 Un espace d\u2019acc\u00e8s au(x) droit(s) ouvert au public :<\/span><\/strong><\/p>\n<p style=\"text-align: justify;\"><span style=\"color: #000000;\">Dans le cadre du Lieu ressource le CICADE propose une permanence juridique en droit de la famille international. Cette permanence est assur\u00e9e par une juriste sp\u00e9cialis\u00e9e et s\u2019adresse aux femmes qui\u00a0:<\/span><\/p>\n<ul style=\"text-align: justify;\">\n<li><span style=\"color: #8a2be2;\"><span style=\"color: #000000;\">ont besoin d\u2019information ou d\u2019un accompagnement juridique en droit de la famille international (mariage, divorce, filiation, kafala, transcription, exequatur\u2026).<\/span><\/span><\/li>\n<li><span style=\"color: #8a2be2;\">\u00a0<span style=\"color: #000000;\">rencontrent des difficult\u00e9s dans leur vie de famille (rupture conjugale, conflits parentaux, risques d\u2019enl\u00e8vement d\u2019enfant ou de retour forc\u00e9\u2026).<\/span><\/span><\/li>\n<li><span style=\"color: #8a2be2;\"><span style=\"color: #000000;\">sont confront\u00e9es \u00e0 des violences (violence de couple, mariage forc\u00e9, polygamie, r\u00e9pudiation, esclavage moderne, excision\u2026).<\/span><\/span><\/li>\n<\/ul>\n<p style=\"text-align: justify;\"><span style=\"color: #4b0082;\"><span style=\"color: #000000;\">\u00a0Le Lieu ressource leur permet de b\u00e9n\u00e9ficier gratuitement\u00a0:<\/span><\/span><\/p>\n<ul style=\"text-align: justify;\">\n<li><span style=\"color: #8a2be2;\"><span style=\"color: #000000;\">d\u2019un accueil sur rendez-vous en toute confidentialit\u00e9.<\/span><\/span><\/li>\n<li><span style=\"color: #000000;\">d\u2019une permanence t\u00e9l\u00e9phonique.<\/span><\/li>\n<\/ul>\n<div style=\"text-align: justify;\">\n<p>Le Lieu ressource permet aussi aux femmes de s&rsquo;approprier le droit lors d\u2019animations juridiques organis\u00e9es en partenariat avec les associations de quartier de la ville de Montpellier.<\/p>\n<p>&nbsp;<\/p>\n<p><strong><span style=\"color: #4b0082;\">\u2666 Un centre de formation et de conseil juridique pour les acteurs recevant des femmes \u00e9trang\u00e8res ou binationales\u00a0:<\/span><\/strong><\/p>\n<ul>\n<li>Le lieu ressource r\u00e9alise des <a title=\"Formations\" href=\"http:\/\/www.cicade.org\/?page_id=42\">formations <\/a>et des <a title=\"Ateliers de droits\" href=\"http:\/\/www.cicade.org\/?page_id=36\">ateliers d&rsquo;acc\u00e8s au(x) droit(s)<\/a> sur le th\u00e8me du droit de la famille international aupr\u00e8s des professionnels qui souhaitent avoir une approche juridique approfondie en mati\u00e8re de codes de statut personnel des pays du Maghreb, en droit de la famille fran\u00e7ais et \u00e9trangers ou en droit international priv\u00e9.<\/li>\n<\/ul>\n<ul>\n<li>Les professionnels peuvent \u00e9galement solliciter le Lieu ressource pour obtenir des r\u00e9ponses aux probl\u00e9matiques sp\u00e9cifiques li\u00e9es au statut des femmes \u00e9trang\u00e8res, binationales ou en lien avec des ressortissants \u00e9trangers (cons\u00e9quences du mariage mixte, r\u00e9pudiation, dissolution d&rsquo;un mariage contract\u00e9 \u00e0 l&rsquo;\u00e9tranger, regroupement familial, polygamie, filiation, etc.).<\/li>\n<\/ul>\n<p>&nbsp;<\/p>\n<\/div>\n<p style=\"text-align: justify;\"><span style=\"color: #4b0082;\"><strong>\u2666 Un espace de recherche et d\u2019\u00e9change des savoirs en mati\u00e8re de droit de la famille international, de droit des femmes migrantes et de lutte contre les violences faites aux femmes.<\/strong><\/span><\/p>\n<p style=\"text-align: justify;\">S\u2019agissant de ces probl\u00e9matiques, le Lieu ressource s\u2019investit notamment dans la production et le partage des connaissances juridiques:<\/p>\n<ul style=\"text-align: justify;\">\n<li>Il participe \u00e0 la production d\u2019outils m\u00e9thodologiques (<a title=\"Droit de la Famille des femmes fran\u00e7aises et maghr\u00e9bines\" href=\"http:\/\/www.cicade.org\/?p=12\">guide<\/a>, <a title=\"Extraits du guide \u00ab\u00a0Droit de la famille des femmes fran\u00e7aises et maghr\u00e9bines\u00a0\u00bb\" href=\"http:\/\/www.cicade.org\/?p=199\">fiches juridiques<\/a>,\u00a0<a href=\"http:\/\/www.cicade.org\/?p=428\">recueils de textes )<\/a><\/li>\n<\/ul>\n<ul style=\"text-align: justify;\">\n<li>Il est engag\u00e9 dans diff\u00e9rents r\u00e9seaux professionnels de lutte contre les violences et discriminations faites aux femmes<\/li>\n<\/ul>\n<p>&nbsp;<\/p>\n<p style=\"text-align: justify;\"><strong><span style=\"color: #4b0082;\">CONTACTER LE LIEU RESSOURCE POUR LA REGION OCCITANIE<\/span><\/strong><\/p>\n<p style=\"text-align: justify;\">Accueil sur rendez-vous <strong>du lundi au vendredi<\/strong> (sauf le mercredi).<\/p>\n<p>Permanence t\u00e9l\u00e9phonique et prise de rendez-vous <strong>du lundi au vendredi (9H-12H \/14H -17H) :<\/strong><\/p>\n<ul>\n<li><span style=\"color: #4b0082;\"><strong>au 07 66 00 77 38 <\/strong><strong>(appel non surtax\u00e9)<\/strong><\/span><\/li>\n<li><span style=\"color: #4b0082;\"><strong>ou au 07 66 33 88 32 (appel non surtax\u00e9)<\/strong><\/span><\/li>\n<\/ul>\n<p>Permanence juridique \u00e0 la Maison des Femmes Agnes Mc Laren de Montpellier tous les jeudis de 9H \u00e0 12H (apr\u00e8s entretien avec la sage femme)<\/p>\n<p>Email : <strong>cicade.contact@gmail.com<\/strong><\/p>\n<p style=\"text-align: justify;\">Responsable du Lieu ressource : <strong>Aur\u00e9lie B\u00e9du<\/strong><\/p>\n<p>Adresse :<\/p>\n<p><span style=\"color: #4b0082;\"><a style=\"color: #4b0082;\" href=\"http:\/\/www.cicade.org\/?page_id=25\" target=\"_blank\" rel=\"noopener\"><strong>CICADE<\/strong><\/a><\/span><\/p>\n<p><span style=\"color: #4b0082;\"><a style=\"color: #4b0082;\" href=\"http:\/\/www.cicade.org\/?page_id=25\" target=\"_blank\" rel=\"noopener\"><strong>28 rue du Faubourg Boutonnet<\/strong><\/a><\/span><\/p>\n<p><span style=\"color: #4b0082;\"><a style=\"color: #4b0082;\" href=\"http:\/\/www.cicade.org\/?page_id=25\" target=\"_blank\" rel=\"noopener\"><strong>34090 Montpellier<\/strong><\/a><\/span><\/p>\n<p>&nbsp;<\/p>\n<p>&nbsp;<\/p>\n<p><img loading=\"lazy\" decoding=\"async\" class=\"aligncenter size-full wp-image-3446\" src=\"http:\/\/www.cicade.org\/wp-content\/uploads\/2024\/04\/logo_lieu_ress_baniere-2024.jpg\" alt=\"\" width=\"1879\" height=\"281\" srcset=\"https:\/\/www.cicade.org\/wp-content\/uploads\/2024\/04\/logo_lieu_ress_baniere-2024.jpg 1879w, https:\/\/www.cicade.org\/wp-content\/uploads\/2024\/04\/logo_lieu_ress_baniere-2024-300x45.jpg 300w, https:\/\/www.cicade.org\/wp-content\/uploads\/2024\/04\/logo_lieu_ress_baniere-2024-1024x153.jpg 1024w, https:\/\/www.cicade.org\/wp-content\/uploads\/2024\/04\/logo_lieu_ress_baniere-2024-768x115.jpg 768w, https:\/\/www.cicade.org\/wp-content\/uploads\/2024\/04\/logo_lieu_ress_baniere-2024-1536x230.jpg 1536w, https:\/\/www.cicade.org\/wp-content\/uploads\/2024\/04\/logo_lieu_ress_baniere-2024-150x22.jpg 150w, https:\/\/www.cicade.org\/wp-content\/uploads\/2024\/04\/logo_lieu_ress_baniere-2024-400x60.jpg 400w\" sizes=\"auto, (max-width: 1879px) 100vw, 1879px\" \/><\/p>\n<p>&nbsp;<\/p>\n<p>&nbsp;<\/p>\n<p>&nbsp;<\/p>\n<p>&nbsp;<\/p>\n","protected":false},"excerpt":{"rendered":"<p style=\"text-align: left;\">Ce Lieu ressource sp\u00e9cialis\u00e9 en droit de la famille des femmes \u00e9trang\u00e8res ou \u00ab issues de l&rsquo;immigration \u00bb est ouvert au sein du CICADE depuis novembre 2002.<\/p>\n<p style=\"text-align: justify;\">\n<p style=\"text-align: left;\">L\u2019action men\u00e9e dans cet espace a pour objet de munir les travailleurs sociaux, les professionnels du droit et les membres d\u2019associations, d&rsquo;outils juridiques concernant le droit de la famille, notamment dans les situations o\u00f9 le droit fran\u00e7ais et le(s) droit(s) \u00e9tranger(s) <\/p>\n<p>[&#8230;<a href=\"https:\/\/www.cicade.org\/?page_id=21\">lire la suite<\/a>]<\/p>\n","protected":false},"author":1,"featured_media":0,"parent":2,"menu_order":5,"comment_status":"closed","ping_status":"closed","template":"","meta":{"footnotes":""},"class_list":["post-21","page","type-page","status-publish","hentry","odd"],"publishpress_future_action":{"enabled":false,"date":"2026-04-27 05:47:08","action":"change-status","newStatus":"draft","terms":[],"taxonomy":"","extraData":[]},"publishpress_future_workflow_manual_trigger":{"enabledWorkflows":[]},"_links":{"self":[{"href":"https:\/\/www.cicade.org\/index.php?rest_route=\/wp\/v2\/pages\/21","targetHints":{"allow":["GET"]}}],"collection":[{"href":"https:\/\/www.cicade.org\/index.php?rest_route=\/wp\/v2\/pages"}],"about":[{"href":"https:\/\/www.cicade.org\/index.php?rest_route=\/wp\/v2\/types\/page"}],"author":[{"embeddable":true,"href":"https:\/\/www.cicade.org\/index.php?rest_route=\/wp\/v2\/users\/1"}],"replies":[{"embeddable":true,"href":"https:\/\/www.cicade.org\/index.php?rest_route=%2Fwp%2Fv2%2Fcomments&post=21"}],"version-history":[{"count":3,"href":"https:\/\/www.cicade.org\/index.php?rest_route=\/wp\/v2\/pages\/21\/revisions"}],"predecessor-version":[{"id":3671,"href":"https:\/\/www.cicade.org\/index.php?rest_route=\/wp\/v2\/pages\/21\/revisions\/3671"}],"up":[{"embeddable":true,"href":"https:\/\/www.cicade.org\/index.php?rest_route=\/wp\/v2\/pages\/2"}],"wp:attachment":[{"href":"https:\/\/www.cicade.org\/index.php?rest_route=%2Fwp%2Fv2%2Fmedia&parent=21"}],"curies":[{"name":"wp","href":"https:\/\/api.w.org\/{rel}","templated":true}]}}