{"id":23,"date":"2013-09-10T12:19:50","date_gmt":"2013-09-10T11:19:50","guid":{"rendered":"http:\/\/www.cicade.org\/?page_id=23"},"modified":"2022-07-28T17:51:51","modified_gmt":"2022-07-28T16:51:51","slug":"citoyennete-acces-aux-droits","status":"publish","type":"page","link":"https:\/\/www.cicade.org\/?page_id=23","title":{"rendered":"Citoyennet\u00e9 &#038; acc\u00e8s au(x) droit(s)"},"content":{"rendered":"<p>Depuis 1999 le CICADE m\u00e8ne dans la r\u00e9gion Languedoc-Roussillon un programme intitul\u00e9 \u00ab \u00c9ducation \u00e0 la citoyennet\u00e9 par l&rsquo;acc\u00e8s au(x) droit(s) \u00bb.<\/p>\n<p>Cette action, qui est d\u00e9sormais conduite en r\u00e9gion Occitanie, a pour objet la professionnalisation des acteurs qui accueillent et accompagnent des personnes \u00e9trang\u00e8res sur ce territoire.<\/p>\n<p>Par une meilleure compr\u00e9hension et diffusion du droit des \u00e9trangers, ce programme entend \u00e9galement contribuer \u00e0 l\u2019acc\u00e8s au(x) droit(s) de ces populations.<\/p>\n<p>Pour ce faire, le CICADE organise des formations, des ateliers ou des interventions publiques relatives au droit des \u00e9trangers et met \u00e0 disposition du public des outils p\u00e9dagogiques concernant cette branche du droit. Il propose \u00e9galement aux professionnels de la r\u00e9gion des consultations en droit des \u00e9trangers et les fait b\u00e9n\u00e9ficier sur la dur\u00e9e de son expertise juridique dans ce domaine.<\/p>\n<p>Le programme \u00ab \u00c9ducation \u00e0 la citoyennet\u00e9 par l&rsquo;acc\u00e8s au(x) droit(s) \u00bb s\u2019adresse principalement aux travailleurs sociaux, aux permanents et b\u00e9n\u00e9voles d\u2019associations, aux professionnels du droit et aux ressortissants \u00e9trangers.<\/p>\n<p>D\u2019abord financ\u00e9e par le FASILD, l\u2019ACS\u00c9, la DRJSCS du Languedoc-Roussillon puis d&rsquo;Occitanie, cette action est aujourd\u2019hui soutenue par la<a href=\"https:\/\/occitanie.dreets.gouv.fr\/\" target=\"_blank\"> DREETS Occitanie<\/a>.<\/p>\n<p>&nbsp;<\/p>\n<p style=\"text-align: justify;\"><a href=\"http:\/\/www.cicade.org\/wp-content\/uploads\/2014\/11\/drjscs-e1437472801496.png\"><img loading=\"lazy\" decoding=\"async\" class=\"alignnone wp-image-360 size-full\" src=\"http:\/\/www.cicade.org\/wp-content\/uploads\/2014\/11\/drjscs-e1437472801496.png\" alt=\"drjscs\" width=\"100\" height=\"111\" \/><\/a><\/p>\n","protected":false},"excerpt":{"rendered":"<p>Depuis 1999 le CICADE m\u00e8ne dans la r\u00e9gion Languedoc-Roussillon un programme intitul\u00e9 \u00ab \u00c9ducation \u00e0 la citoyennet\u00e9 par l&rsquo;acc\u00e8s au(x) droit(s) \u00bb.<\/p>\n<p>Cette action, qui est d\u00e9sormais conduite en r\u00e9gion Occitanie, a pour objet la professionnalisation des acteurs qui accueillent et accompagnent des personnes \u00e9trang\u00e8res sur ce territoire.<\/p>\n<p>Par une meilleure compr\u00e9hension et diffusion du droit des \u00e9trangers, ce programme entend \u00e9galement contribuer \u00e0 l\u2019acc\u00e8s au(x) droit(s) de ces populations.<\/p>\n<p>Pour ce faire, le CICADE <\/p>\n<p>[&#8230;<a href=\"https:\/\/www.cicade.org\/?page_id=23\">lire la suite<\/a>]<\/p>\n","protected":false},"author":1,"featured_media":0,"parent":2,"menu_order":6,"comment_status":"closed","ping_status":"closed","template":"","meta":{"footnotes":""},"class_list":["post-23","page","type-page","status-publish","hentry","odd"],"publishpress_future_action":{"enabled":false,"date":"2026-05-04 15:33:10","action":"change-status","newStatus":"draft","terms":[],"taxonomy":"","extraData":[]},"publishpress_future_workflow_manual_trigger":{"enabledWorkflows":[]},"_links":{"self":[{"href":"https:\/\/www.cicade.org\/index.php?rest_route=\/wp\/v2\/pages\/23","targetHints":{"allow":["GET"]}}],"collection":[{"href":"https:\/\/www.cicade.org\/index.php?rest_route=\/wp\/v2\/pages"}],"about":[{"href":"https:\/\/www.cicade.org\/index.php?rest_route=\/wp\/v2\/types\/page"}],"author":[{"embeddable":true,"href":"https:\/\/www.cicade.org\/index.php?rest_route=\/wp\/v2\/users\/1"}],"replies":[{"embeddable":true,"href":"https:\/\/www.cicade.org\/index.php?rest_route=%2Fwp%2Fv2%2Fcomments&post=23"}],"version-history":[{"count":3,"href":"https:\/\/www.cicade.org\/index.php?rest_route=\/wp\/v2\/pages\/23\/revisions"}],"predecessor-version":[{"id":2831,"href":"https:\/\/www.cicade.org\/index.php?rest_route=\/wp\/v2\/pages\/23\/revisions\/2831"}],"up":[{"embeddable":true,"href":"https:\/\/www.cicade.org\/index.php?rest_route=\/wp\/v2\/pages\/2"}],"wp:attachment":[{"href":"https:\/\/www.cicade.org\/index.php?rest_route=%2Fwp%2Fv2%2Fmedia&parent=23"}],"curies":[{"name":"wp","href":"https:\/\/api.w.org\/{rel}","templated":true}]}}