{"id":2341,"date":"2021-08-23T17:46:55","date_gmt":"2021-08-23T16:46:55","guid":{"rendered":"http:\/\/www.cicade.org\/?page_id=2341"},"modified":"2026-04-08T15:35:55","modified_gmt":"2026-04-08T14:35:55","slug":"informations-pratiques-formations-en-inter","status":"publish","type":"page","link":"https:\/\/www.cicade.org\/?page_id=2341","title":{"rendered":"Informations pratiques &#8211; formations en inter"},"content":{"rendered":"<p>Ces sessions th\u00e9matiques se d\u00e9roulent \u00e0 Montpellier et regroupent des professionnels de divers \u00e9tablissements.<\/p>\n<p>&nbsp;<\/p>\n<p><strong>\u00a0Inscriptions\u00a0:<\/strong>\u00a0Elles se font via notre <a href=\"https:\/\/framaforms.org\/bulletin-dinscription-sessions-2026-1775571727\" target=\"_blank\" rel=\"noopener\"><strong>formulaire en ligne<\/strong><\/a><strong>\u00a0. <\/strong><\/p>\n<p>Une confirmation d\u2019inscription est envoy\u00e9e \u00e0 l\u2019adresse mail transmise sur le formulaire.<\/p>\n<p>Trois semaines avant le d\u00e9but de l\u2019action, une convention de formation est transmise par mail \u00e0 chaque participant ou structure \u00e0 l\u2019origine de la demande. Une convocation est \u00e9galement adress\u00e9e au participant dans les 15 jours pr\u00e9c\u00e9dant la formation, accompagn\u00e9e d\u2019un livret stagiaire qui comporte toutes les informations pratiques du stage.<\/p>\n<p>&nbsp;<\/p>\n<p><strong>Facturation :<\/strong> Chaque employeur, structure de prise en charge ou participant re\u00e7oit une facture ainsi qu\u2019une attestation de fin de formation dans le mois suivant la formation.<strong><br \/>\n<\/strong><\/p>\n<p>&nbsp;<\/p>\n<p><strong>Annulation et remboursement\u00a0:\u00a0<\/strong>Toute annulation d\u2019inscription \u00e0 moins de 10 jours avant le d\u00e9but de l\u2019action donnera lieu au paiement de 30% du montant de la formation. En cas d\u2019absence non justifi\u00e9e le premier jour du stage, le r\u00e8glement devra \u00eatre effectu\u00e9 en totalit\u00e9.<\/p>\n<p>Toute formation commenc\u00e9e est due en totalit\u00e9.<\/p>\n<p>&nbsp;<\/p>\n<p><strong>Tarifs\u00a0:<\/strong><\/p>\n<ul>\n<li>735 \u20ac pour les sessions de 4 jours (28 heures de formation).<\/li>\n<\/ul>\n<p>Tarif r\u00e9duit pour les b\u00e9n\u00e9voles associatifs : 440 Euros (sous r\u00e9serve de justificatif).<\/p>\n<ul>\n<li>400 \u20ac pour les sessions de 2 jours (14 heures de formation).<\/li>\n<\/ul>\n<p>Tarif r\u00e9duit pour les b\u00e9n\u00e9voles associatifs : 240 Euros (sous r\u00e9serve de justificatif).<\/p>\n<p>&nbsp;<\/p>\n<table width=\"100%\">\n<tbody>\n<tr>\n<td><strong>Vous souhaitez obtenir un renseignement concernant une formation, une proposition, un accompagnement, contactez notre responsable formation Claire Giraud-Panis :\u00a0<\/strong><strong>04 67 58 71 52 &#8211;\u00a0<\/strong><a href=\"mailto:centre@cicade.org\" target=\"_blank\" rel=\"noopener\"><strong><u>centre@cicade.org<\/u><\/strong><\/a><\/td>\n<\/tr>\n<\/tbody>\n<\/table>\n<p><strong>\u00a0<\/strong><\/p>\n<p>&nbsp;<\/p>\n","protected":false},"excerpt":{"rendered":"<p>Ces sessions th\u00e9matiques se d\u00e9roulent \u00e0 Montpellier et regroupent des professionnels de divers \u00e9tablissements.<\/p>\n<p>&nbsp;<\/p>\n<p> Inscriptions : Elles se font via notre formulaire en ligne . <\/p>\n<p>Une confirmation d\u2019inscription est envoy\u00e9e \u00e0 l\u2019adresse mail transmise sur le formulaire.<\/p>\n<p>Trois semaines avant le d\u00e9but de l\u2019action, une convention de formation est transmise par mail \u00e0 chaque participant ou structure \u00e0 l\u2019origine de la demande. Une convocation est \u00e9galement adress\u00e9e au participant dans les 15 <\/p>\n<p>[&#8230;<a href=\"https:\/\/www.cicade.org\/?page_id=2341\">lire la suite<\/a>]<\/p>\n","protected":false},"author":2,"featured_media":0,"parent":42,"menu_order":0,"comment_status":"closed","ping_status":"closed","template":"","meta":{"footnotes":""},"class_list":["post-2341","page","type-page","status-publish","hentry","odd"],"publishpress_future_action":{"enabled":false,"date":"2026-04-24 09:20:39","action":"change-status","newStatus":"draft","terms":[],"taxonomy":"","extraData":[]},"publishpress_future_workflow_manual_trigger":{"enabledWorkflows":[]},"_links":{"self":[{"href":"https:\/\/www.cicade.org\/index.php?rest_route=\/wp\/v2\/pages\/2341","targetHints":{"allow":["GET"]}}],"collection":[{"href":"https:\/\/www.cicade.org\/index.php?rest_route=\/wp\/v2\/pages"}],"about":[{"href":"https:\/\/www.cicade.org\/index.php?rest_route=\/wp\/v2\/types\/page"}],"author":[{"embeddable":true,"href":"https:\/\/www.cicade.org\/index.php?rest_route=\/wp\/v2\/users\/2"}],"replies":[{"embeddable":true,"href":"https:\/\/www.cicade.org\/index.php?rest_route=%2Fwp%2Fv2%2Fcomments&post=2341"}],"version-history":[{"count":3,"href":"https:\/\/www.cicade.org\/index.php?rest_route=\/wp\/v2\/pages\/2341\/revisions"}],"predecessor-version":[{"id":3791,"href":"https:\/\/www.cicade.org\/index.php?rest_route=\/wp\/v2\/pages\/2341\/revisions\/3791"}],"up":[{"embeddable":true,"href":"https:\/\/www.cicade.org\/index.php?rest_route=\/wp\/v2\/pages\/42"}],"wp:attachment":[{"href":"https:\/\/www.cicade.org\/index.php?rest_route=%2Fwp%2Fv2%2Fmedia&parent=2341"}],"curies":[{"name":"wp","href":"https:\/\/api.w.org\/{rel}","templated":true}]}}