{"id":2355,"date":"2021-08-23T17:47:19","date_gmt":"2021-08-23T16:47:19","guid":{"rendered":"http:\/\/www.cicade.org\/?page_id=2355"},"modified":"2021-08-23T17:55:45","modified_gmt":"2021-08-23T16:55:45","slug":"informations-pratiques-formations-en-intra","status":"publish","type":"page","link":"https:\/\/www.cicade.org\/?page_id=2355","title":{"rendered":"Informations pratiques &#8211; formations en intra"},"content":{"rendered":"<p><strong>\u00c9laboration :<\/strong> Apr\u00e8s avoir \u00e9chang\u00e9 avec vous sur votre demande et vos besoins de formation, nous vous envoyons une proposition de formation avec un devis chiffr\u00e9. Si celle-ci est valid\u00e9e par votre structure, une convention de formation est \u00e9tablie et des dates fix\u00e9es pour la formation.<\/p>\n<p>&nbsp;<\/p>\n<p><strong>Facturation :\u00a0<\/strong>Chaque structure (ou son organisme financeur de formation) re\u00e7oit dans le mois suivant la formation une facture ainsi que la copie des feuilles de pr\u00e9sence et des \u00e9valuations r\u00e9alis\u00e9es.<\/p>\n<p><strong>\u00a0<\/strong><\/p>\n<p><strong>Annulation :<\/strong> Un pourcentage du montant de la formation sera retenu en cas d\u2019annulation.<\/p>\n<p>Toutes les modalit\u00e9s financi\u00e8res seront pr\u00e9cis\u00e9es sur les conventions de formation.<\/p>\n<p>&nbsp;<\/p>\n<p><strong>Tarifs\u00a0:\u00a0<\/strong>1200 \u20ac\/jour (7 heures) pour un groupe de 12 personnes. Frais de mission du formateur en sus.<\/p>\n<p>Pour une formule personnalis\u00e9e, nous consulter.<\/p>\n<table width=\"100%\">\n<tbody>\n<tr>\n<td>&nbsp;<\/p>\n<p><strong>Contactez le CICADE pour recevoir une proposition de formation et un devis correspondant \u00e0 vos attentes :<\/strong><\/p>\n<p><strong>04 67 58 71 52<\/strong><\/p>\n<p><a href=\"mailto:centre@cicade.org\" target=\"_blank\"><strong><u>centre@cicade.org<\/u><\/strong><\/a><\/td>\n<\/tr>\n<\/tbody>\n<\/table>\n<p>&nbsp;<\/p>\n","protected":false},"excerpt":{"rendered":"<p>\u00c9laboration : Apr\u00e8s avoir \u00e9chang\u00e9 avec vous sur votre demande et vos besoins de formation, nous vous envoyons une proposition de formation avec un devis chiffr\u00e9. Si celle-ci est valid\u00e9e par votre structure, une convention de formation est \u00e9tablie et des dates fix\u00e9es pour la formation.<\/p>\n<p>&nbsp;<\/p>\n<p>Facturation : Chaque structure (ou son organisme financeur de formation) re\u00e7oit dans le mois suivant la formation une facture ainsi que la copie des feuilles de pr\u00e9sence et <\/p>\n<p>[&#8230;<a href=\"https:\/\/www.cicade.org\/?page_id=2355\">lire la suite<\/a>]<\/p>\n","protected":false},"author":2,"featured_media":0,"parent":42,"menu_order":0,"comment_status":"closed","ping_status":"closed","template":"","meta":{"footnotes":""},"class_list":["post-2355","page","type-page","status-publish","hentry","odd"],"publishpress_future_action":{"enabled":false,"date":"2026-04-20 00:09:56","action":"change-status","newStatus":"draft","terms":[],"taxonomy":"","extraData":[]},"publishpress_future_workflow_manual_trigger":{"enabledWorkflows":[]},"_links":{"self":[{"href":"https:\/\/www.cicade.org\/index.php?rest_route=\/wp\/v2\/pages\/2355","targetHints":{"allow":["GET"]}}],"collection":[{"href":"https:\/\/www.cicade.org\/index.php?rest_route=\/wp\/v2\/pages"}],"about":[{"href":"https:\/\/www.cicade.org\/index.php?rest_route=\/wp\/v2\/types\/page"}],"author":[{"embeddable":true,"href":"https:\/\/www.cicade.org\/index.php?rest_route=\/wp\/v2\/users\/2"}],"replies":[{"embeddable":true,"href":"https:\/\/www.cicade.org\/index.php?rest_route=%2Fwp%2Fv2%2Fcomments&post=2355"}],"version-history":[{"count":3,"href":"https:\/\/www.cicade.org\/index.php?rest_route=\/wp\/v2\/pages\/2355\/revisions"}],"predecessor-version":[{"id":2377,"href":"https:\/\/www.cicade.org\/index.php?rest_route=\/wp\/v2\/pages\/2355\/revisions\/2377"}],"up":[{"embeddable":true,"href":"https:\/\/www.cicade.org\/index.php?rest_route=\/wp\/v2\/pages\/42"}],"wp:attachment":[{"href":"https:\/\/www.cicade.org\/index.php?rest_route=%2Fwp%2Fv2%2Fmedia&parent=2355"}],"curies":[{"name":"wp","href":"https:\/\/api.w.org\/{rel}","templated":true}]}}